{"id":58,"date":"2018-04-12T18:43:02","date_gmt":"2018-04-12T18:43:02","guid":{"rendered":"http:\/\/taveracom.es\/plasticosjudo\/?page_id=58"},"modified":"2018-04-19T07:40:33","modified_gmt":"2018-04-19T07:40:33","slug":"quienes-somos","status":"publish","type":"page","link":"http:\/\/taveracom.es\/plasticosjudo\/quienes-somos\/","title":{"rendered":"\u00bfQui\u00e9nes somos?"},"content":{"rendered":"<p>[et_pb_section bb_built=\u00bb1&#8243; fullwidth=\u00bbon\u00bb _builder_version=\u00bb3.0.100&#8243;][et_pb_fullwidth_slider show_arrows=\u00bboff\u00bb show_pagination=\u00bboff\u00bb _builder_version=\u00bb3.0.100&#8243; custom_button=\u00bboff\u00bb button_icon_placement=\u00bbright\u00bb show_content_on_mobile=\u00bbon\u00bb show_cta_on_mobile=\u00bbon\u00bb show_image_video_mobile=\u00bboff\u00bb][et_pb_slide heading=\u00bb\u00bfQUI\u00c9NES SOMOS?\u00bb button_text=\u00bbM\u00c1S INFORMACI\u00d3N\u00bb use_bg_overlay=\u00bboff\u00bb use_text_overlay=\u00bboff\u00bb background_layout=\u00bblight\u00bb _builder_version=\u00bb3.0.100&#8243; header_font=\u00bb|700|||||||\u00bb header_text_color=\u00bb#878787&#8243; body_font=\u00bb|600|||||||\u00bb body_font_size=\u00bb20&#8243; body_font_size_tablet=\u00bb19&#8243; body_font_size_phone=\u00bb19&#8243; body_text_color=\u00bb#878787&#8243; background_image=\u00bbhttp:\/\/taveracom.es\/plasticosjudo\/wp-content\/uploads\/2018\/04\/Fondos-Blancos-Judo2.jpg\u00bb custom_padding=\u00bb150px||150px|\u00bb custom_padding_tablet=\u00bb200px||200px|\u00bb custom_padding_phone=\u00bb200px||200px|\u00bb custom_button=\u00bbon\u00bb button_text_color=\u00bb#ffffff\u00bb button_bg_color=\u00bb#ad0f0a\u00bb button_border_width=\u00bb3&#8243; button_border_radius=\u00bb16&#8243; button_use_icon=\u00bbon\u00bb button_on_hover=\u00bbon\u00bb background_color=\u00bb#ffffff\u00bb button_link=\u00bbhttp:\/\/taveracom.es\/plasticosjudo\/servicios\/\u00bb use_background_color_gradient=\u00bboff\u00bb background_color_gradient_start=\u00bb#2b87da\u00bb background_color_gradient_end=\u00bb#29c4a9&#8243; background_color_gradient_type=\u00bblinear\u00bb background_color_gradient_direction=\u00bb180deg\u00bb background_color_gradient_direction_radial=\u00bbcenter\u00bb background_color_gradient_start_position=\u00bb0%\u00bb background_color_gradient_end_position=\u00bb100%\u00bb background_color_gradient_overlays_image=\u00bboff\u00bb parallax=\u00bboff\u00bb parallax_method=\u00bbon\u00bb background_size=\u00bbcover\u00bb background_position=\u00bbcenter\u00bb background_repeat=\u00bbno-repeat\u00bb background_blend=\u00bbnormal\u00bb allow_player_pause=\u00bboff\u00bb background_video_pause_outside_viewport=\u00bbon\u00bb text_border_radius=\u00bb3&#8243; alignment=\u00bbcenter\u00bb child_filter_hue_rotate=\u00bb0deg\u00bb child_filter_saturate=\u00bb100%\u00bb child_filter_brightness=\u00bb100%\u00bb child_filter_contrast=\u00bb100%\u00bb child_filter_invert=\u00bb0%\u00bb child_filter_sepia=\u00bb0%\u00bb child_filter_opacity=\u00bb100%\u00bb child_filter_blur=\u00bb0px\u00bb child_mix_blend_mode=\u00bbnormal\u00bb text_shadow_style=\u00bbnone\u00bb header_text_shadow_style=\u00bbnone\u00bb body_text_shadow_style=\u00bbnone\u00bb button_bg_use_color_gradient=\u00bboff\u00bb button_bg_color_gradient_overlays_image=\u00bboff\u00bb button_text_shadow_style=\u00bbnone\u00bb box_shadow_style_button=\u00bbnone\u00bb]<\/p>\n<p class=\"p1\" style=\"text-align: center;\">Alta calidad en la inyecci\u00f3n de pl\u00e1sticos<\/p>\n<p>[\/et_pb_slide][\/et_pb_fullwidth_slider][\/et_pb_section][et_pb_section bb_built=\u00bb1&#8243; _builder_version=\u00bb3.0.47&#8243; custom_padding=\u00bb39px|0px|0px|0px\u00bb][et_pb_row custom_padding=\u00bb21px|0px|1px|0px\u00bb _builder_version=\u00bb3.0.47&#8243; background_size=\u00bbinitial\u00bb background_position=\u00bbtop_left\u00bb background_repeat=\u00bbrepeat\u00bb][et_pb_column type=\u00bb4_4&#8243;][et_pb_text _builder_version=\u00bb3.0.100&#8243; text_font_size=\u00bb17px\u00bb text_text_color=\u00bb#878787&#8243; header_font=\u00bb|700|||||||\u00bb header_text_color=\u00bb#878787&#8243; background_layout=\u00bblight\u00bb]<\/p>\n<h1 style=\"text-align: center;\">30 A\u00d1OS MATERIALIZANDO TUS PROYECTOS<\/h1>\n<p>Pl\u00e1sticos JUDO es una empresa fundada hace mas de 30 a\u00f1os especializada en la inyecci\u00f3n de pl\u00e1sticos de ingenier\u00eda, lo que nos pemite cubrir los mercados m\u00e1s demandantes. Creamos desde <strong>piezas para el mercado\u00a0de consumo, hasta piezas muy especializadas para diferentes industrias incluida la del autom\u00f3vil<\/strong>.<br \/>\nNuestro compromiso permanente es el mejoramiento continuo de nuestros procesos y el desarrollo de nuevos productos, con el fin de satisfacer las necesidades de nuestros clientes.<\/p>\n<p>[\/et_pb_text][\/et_pb_column][\/et_pb_row][\/et_pb_section][et_pb_section bb_built=\u00bb1&#8243; _builder_version=\u00bb3.0.100&#8243; custom_padding=\u00bb44px|0px|27px|0px\u00bb][et_pb_row custom_padding=\u00bb0px|0px|0px|0px\u00bb _builder_version=\u00bb3.0.100&#8243; background_size=\u00bbinitial\u00bb background_position=\u00bbtop_left\u00bb background_repeat=\u00bbrepeat\u00bb custom_margin=\u00bb|||\u00bb][et_pb_column type=\u00bb1_4&#8243;][et_pb_image src=\u00bbhttp:\/\/taveracom.es\/plasticosjudo\/wp-content\/uploads\/2018\/04\/calidad.png\u00bb align=\u00bbcenter\u00bb _builder_version=\u00bb3.0.100&#8243; custom_margin=\u00bb||20px|\u00bb \/][\/et_pb_column][et_pb_column type=\u00bb1_4&#8243;][et_pb_image src=\u00bbhttp:\/\/taveracom.es\/plasticosjudo\/wp-content\/uploads\/2018\/04\/envios.png\u00bb align=\u00bbcenter\u00bb _builder_version=\u00bb3.0.100&#8243; custom_margin=\u00bb||20px|\u00bb \/][\/et_pb_column][et_pb_column type=\u00bb1_4&#8243;][et_pb_image src=\u00bbhttp:\/\/taveracom.es\/plasticosjudo\/wp-content\/uploads\/2018\/04\/asesoria.png\u00bb align=\u00bbcenter\u00bb _builder_version=\u00bb3.0.100&#8243; custom_margin=\u00bb||20px|\u00bb \/][\/et_pb_column][et_pb_column type=\u00bb1_4&#8243;][et_pb_image src=\u00bbhttp:\/\/taveracom.es\/plasticosjudo\/wp-content\/uploads\/2018\/04\/coche.png\u00bb align=\u00bbcenter\u00bb _builder_version=\u00bb3.0.100&#8243; custom_margin=\u00bb||20px|\u00bb show_in_lightbox=\u00bboff\u00bb url_new_window=\u00bboff\u00bb use_overlay=\u00bboff\u00bb always_center_on_mobile=\u00bbon\u00bb force_fullwidth=\u00bboff\u00bb show_bottom_space=\u00bbon\u00bb \/][\/et_pb_column][\/et_pb_row][et_pb_row custom_margin=\u00bb0px|||\u00bb _builder_version=\u00bb3.0.100&#8243; custom_padding=\u00bb0px|0px|26.1285px|0px\u00bb][et_pb_column type=\u00bb1_4&#8243;][et_pb_text _builder_version=\u00bb3.0.100&#8243; text_font=\u00bb|500|||||||\u00bb text_font_size=\u00bb17px\u00bb]<\/p>\n<p style=\"text-align: center;\"><span style=\"color: #9c9c9c;\">ALTA CALIDAD<br \/>\nGARANTIZADA<\/span><\/p>\n<p>[\/et_pb_text][\/et_pb_column][et_pb_column type=\u00bb1_4&#8243;][et_pb_text _builder_version=\u00bb3.0.100&#8243; text_font=\u00bb|500|||||||\u00bb text_font_size=\u00bb17px\u00bb]<\/p>\n<p style=\"text-align: center;\"><span style=\"color: #9c9c9c;\">ENV\u00cdOS EN TODO EL TERRITORIO NACIONAL<\/span><\/p>\n<p>[\/et_pb_text][\/et_pb_column][et_pb_column type=\u00bb1_4&#8243;][et_pb_text _builder_version=\u00bb3.0.100&#8243; text_font=\u00bb|500|||||||\u00bb text_font_size=\u00bb17px\u00bb]<\/p>\n<p style=\"text-align: center;\"><span style=\"color: #9c9c9c;\">ASESOR\u00cdA<br \/>\nDE PRODUCTO<\/span><\/p>\n<p>[\/et_pb_text][\/et_pb_column][et_pb_column type=\u00bb1_4&#8243;][et_pb_text _builder_version=\u00bb3.0.100&#8243; text_font=\u00bb|500|||||||\u00bb text_font_size=\u00bb17px\u00bb background_layout=\u00bblight\u00bb]<\/p>\n<p style=\"text-align: center;\"><span style=\"color: #9c9c9c;\">ESPECIALIZADOS<br \/>\nEN AUTOMOCI\u00d3N<\/span><\/p>\n<p>[\/et_pb_text][\/et_pb_column][\/et_pb_row][\/et_pb_section][et_pb_section bb_built=\u00bb1&#8243; _builder_version=\u00bb3.0.47&#8243; custom_padding=\u00bb0px|0px|0px|0px\u00bb][et_pb_row make_fullwidth=\u00bbon\u00bb use_custom_gutter=\u00bbon\u00bb gutter_width=\u00bb1&#8243; custom_padding=\u00bb0px|0px|0px|0px\u00bb _builder_version=\u00bb3.0.100&#8243; filter_saturate=\u00bb0%\u00bb][et_pb_column type=\u00bb1_4&#8243;][et_pb_image src=\u00bbhttp:\/\/taveracom.es\/plasticosjudo\/wp-content\/uploads\/2018\/04\/quienes-somos.jpg\u00bb show_in_lightbox=\u00bbon\u00bb _builder_version=\u00bb3.0.100&#8243; animation_style=\u00bbfade\u00bb \/][\/et_pb_column][et_pb_column type=\u00bb1_4&#8243;][et_pb_image src=\u00bbhttp:\/\/taveracom.es\/plasticosjudo\/wp-content\/uploads\/2018\/04\/quienes-somos2.jpg\u00bb show_in_lightbox=\u00bbon\u00bb _builder_version=\u00bb3.0.100&#8243; animation_style=\u00bbfade\u00bb \/][\/et_pb_column][et_pb_column type=\u00bb1_4&#8243;][et_pb_image src=\u00bbhttp:\/\/taveracom.es\/plasticosjudo\/wp-content\/uploads\/2018\/04\/quienes-somos3.jpg\u00bb show_in_lightbox=\u00bbon\u00bb _builder_version=\u00bb3.0.100&#8243; animation_style=\u00bbfade\u00bb \/][\/et_pb_column][et_pb_column type=\u00bb1_4&#8243;][et_pb_image src=\u00bbhttp:\/\/taveracom.es\/plasticosjudo\/wp-content\/uploads\/2018\/04\/quienes-somos4.jpg\u00bb show_in_lightbox=\u00bbon\u00bb _builder_version=\u00bb3.0.100&#8243; animation_style=\u00bbfade\u00bb \/][\/et_pb_column][\/et_pb_row][\/et_pb_section][et_pb_section bb_built=\u00bb1&#8243; _builder_version=\u00bb3.0.100&#8243; custom_padding=\u00bb13px|0px|0px|0px\u00bb][et_pb_row custom_padding=\u00bb0px|0px|0px|0px\u00bb _builder_version=\u00bb3.0.100&#8243;][et_pb_column type=\u00bb4_4&#8243;][et_pb_cta title=\u00bbContacta con nosotros y te informamos sin compromiso\u00bb button_url=\u00bbhttp:\/\/taveracom.es\/plasticosjudo\/contacto\/\u00bb button_text=\u00bbENTRAR\u00bb background_color=\u00bb#ffffff\u00bb background_layout=\u00bblight\u00bb _builder_version=\u00bb3.0.100&#8243; header_text_color=\u00bb#9c9c9c\u00bb custom_button=\u00bbon\u00bb button_text_color=\u00bb#ffffff\u00bb button_bg_color=\u00bb#ad0f0a\u00bb button_border_width=\u00bb0px\u00bb button_border_radius=\u00bb13px\u00bb url_new_window=\u00bboff\u00bb use_background_color=\u00bbon\u00bb button_icon_placement=\u00bbright\u00bb \/][\/et_pb_column][\/et_pb_row][\/et_pb_section]<\/p>\n","protected":false},"excerpt":{"rendered":"<p>[et_pb_section bb_built=\u00bb1&#8243; fullwidth=\u00bbon\u00bb _builder_version=\u00bb3.0.100&#8243;][et_pb_fullwidth_slider show_arrows=\u00bboff\u00bb show_pagination=\u00bboff\u00bb _builder_version=\u00bb3.0.100&#8243; custom_button=\u00bboff\u00bb button_icon_placement=\u00bbright\u00bb show_content_on_mobile=\u00bbon\u00bb show_cta_on_mobile=\u00bbon\u00bb show_image_video_mobile=\u00bboff\u00bb][et_pb_slide heading=\u00bb\u00bfQUI\u00c9NES SOMOS?\u00bb button_text=\u00bbM\u00c1S INFORMACI\u00d3N\u00bb use_bg_overlay=\u00bboff\u00bb use_text_overlay=\u00bboff\u00bb background_layout=\u00bblight\u00bb _builder_version=\u00bb3.0.100&#8243; header_font=\u00bb|700|||||||\u00bb header_text_color=\u00bb#878787&#8243; body_font=\u00bb|600|||||||\u00bb body_font_size=\u00bb20&#8243; body_font_size_tablet=\u00bb19&#8243; body_font_size_phone=\u00bb19&#8243; body_text_color=\u00bb#878787&#8243; background_image=\u00bbhttp:\/\/taveracom.es\/plasticosjudo\/wp-content\/uploads\/2018\/04\/Fondos-Blancos-Judo2.jpg\u00bb custom_padding=\u00bb150px||150px|\u00bb custom_padding_tablet=\u00bb200px||200px|\u00bb custom_padding_phone=\u00bb200px||200px|\u00bb custom_button=\u00bbon\u00bb button_text_color=\u00bb#ffffff\u00bb button_bg_color=\u00bb#ad0f0a\u00bb button_border_width=\u00bb3&#8243; button_border_radius=\u00bb16&#8243; button_use_icon=\u00bbon\u00bb button_on_hover=\u00bbon\u00bb background_color=\u00bb#ffffff\u00bb button_link=\u00bbhttp:\/\/taveracom.es\/plasticosjudo\/servicios\/\u00bb use_background_color_gradient=\u00bboff\u00bb background_color_gradient_start=\u00bb#2b87da\u00bb background_color_gradient_end=\u00bb#29c4a9&#8243; background_color_gradient_type=\u00bblinear\u00bb background_color_gradient_direction=\u00bb180deg\u00bb background_color_gradient_direction_radial=\u00bbcenter\u00bb background_color_gradient_start_position=\u00bb0%\u00bb background_color_gradient_end_position=\u00bb100%\u00bb background_color_gradient_overlays_image=\u00bboff\u00bb parallax=\u00bboff\u00bb parallax_method=\u00bbon\u00bb background_size=\u00bbcover\u00bb background_position=\u00bbcenter\u00bb background_repeat=\u00bbno-repeat\u00bb background_blend=\u00bbnormal\u00bb [&hellip;]<\/p>\n","protected":false},"author":1,"featured_media":0,"parent":0,"menu_order":0,"comment_status":"closed","ping_status":"closed","template":"","meta":{"_et_pb_use_builder":"on","_et_pb_old_content":"","_et_gb_content_width":"","footnotes":""},"aioseo_notices":[],"_links":{"self":[{"href":"http:\/\/taveracom.es\/plasticosjudo\/wp-json\/wp\/v2\/pages\/58"}],"collection":[{"href":"http:\/\/taveracom.es\/plasticosjudo\/wp-json\/wp\/v2\/pages"}],"about":[{"href":"http:\/\/taveracom.es\/plasticosjudo\/wp-json\/wp\/v2\/types\/page"}],"author":[{"embeddable":true,"href":"http:\/\/taveracom.es\/plasticosjudo\/wp-json\/wp\/v2\/users\/1"}],"replies":[{"embeddable":true,"href":"http:\/\/taveracom.es\/plasticosjudo\/wp-json\/wp\/v2\/comments?post=58"}],"version-history":[{"count":18,"href":"http:\/\/taveracom.es\/plasticosjudo\/wp-json\/wp\/v2\/pages\/58\/revisions"}],"predecessor-version":[{"id":210,"href":"http:\/\/taveracom.es\/plasticosjudo\/wp-json\/wp\/v2\/pages\/58\/revisions\/210"}],"wp:attachment":[{"href":"http:\/\/taveracom.es\/plasticosjudo\/wp-json\/wp\/v2\/media?parent=58"}],"curies":[{"name":"wp","href":"https:\/\/api.w.org\/{rel}","templated":true}]}}