{"id":180,"date":"2023-03-22T16:40:22","date_gmt":"2023-03-22T16:40:22","guid":{"rendered":"https:\/\/taveracom.es\/judo\/?page_id=180"},"modified":"2023-03-22T16:41:25","modified_gmt":"2023-03-22T16:41:25","slug":"aviso-legal","status":"publish","type":"page","link":"https:\/\/taveracom.es\/judo\/aviso-legal\/","title":{"rendered":"AVISO LEGAL"},"content":{"rendered":"<p>[et_pb_section fb_built=\u00bb1&#8243; _builder_version=\u00bb4.20.2&#8243; _module_preset=\u00bbdefault\u00bb background_color=\u00bb#FFFFFF\u00bb custom_margin=\u00bb-1px|||||\u00bb custom_padding=\u00bb49px||34px|||\u00bb locked=\u00bboff\u00bb global_colors_info=\u00bb{}\u00bb][et_pb_row _builder_version=\u00bb4.20.2&#8243; _module_preset=\u00bbdefault\u00bb global_colors_info=\u00bb{}\u00bb][et_pb_column type=\u00bb4_4&#8243; _builder_version=\u00bb4.20.2&#8243; _module_preset=\u00bbdefault\u00bb global_colors_info=\u00bb{}\u00bb][et_pb_text _builder_version=\u00bb4.20.2&#8243; _module_preset=\u00bbdefault\u00bb header_font=\u00bbAlike||||||||\u00bb header_font_size=\u00bb56px\u00bb global_colors_info=\u00bb{}\u00bb]<\/p>\n<h1><span style=\"color: #e2001a;\"><strong>AVISO LEGAL<\/strong><\/span><\/h1>\n<p>&nbsp;<\/p>\n<h3 class=\"p1\"><strong>Titularidad del Sitio Web<\/strong><\/h3>\n<p class=\"p1\">www.plasticosjudo.com es un espacio web, cuyo nombre de dominio se encuentra registrado y es propiedad de Pl\u00e1sticos Judo, S.A., con domicilio en C\/ Rioja, s\/n. Pol. Ind. Tarazona. 50500 Tarazona (Zaragoza), inscrita en el Registro Mercantil de Madrid, disponiendo de NIF A28997088.<\/p>\n<p class=\"p1\">La finalidad de www.plasticosjudo.com, es la de informar sobre la actividad de Pl\u00e1sticos Judo, S.A., que se corresponde con la prestaci\u00f3n de servicios de Fabricaci\u00f3n de otros componentes, piezas y accesorios para veh\u00edculos de motor, as\u00ed como de sus productos y servicios, ofertas, promociones y otras informaciones de relevancia acerca de Pl\u00e1sticos Judo, S.A..<\/p>\n<p class=\"p1\">El uso de la web supone la aceptaci\u00f3n de lo contenido en el presente Aviso Legal.<\/p>\n<h3 class=\"p1\"><\/h3>\n<h3 class=\"p1\"><\/h3>\n<h3 class=\"p1\"><strong>Obligaciones del usuario<\/strong><\/h3>\n<p class=\"p1\">Al acceder al Sitio Web www.plasticosjudo.com, el usuario se compromete a utilizar la informaci\u00f3n y contenidos del Sitio Web de conformidad con el presente Aviso legal, con la legislaci\u00f3n vigente y con las buenas costumbres generalmente aceptadas y el orden p\u00fablico, y en particular a:<\/p>\n<p class=\"p1\">Actuar lealmente y de buena fe en todas sus relaciones con Pl\u00e1sticos Judo, S.A..<\/p>\n<p class=\"p1\">Proporcionar datos verdaderos y exactos durante su relaci\u00f3n contractual con Pl\u00e1sticos Judo, S.A..<\/p>\n<p class=\"p1\">Utilizar de forma correcta y de conformidad con la legislaci\u00f3n vigente, la moral o el orden p\u00fablico, respetando el presente Aviso Legal y, en su caso, las Condiciones de Uso y Contrataci\u00f3n, establecidas, as\u00ed como a no permitir el uso por terceros no autorizados de las herramientas y servicios prestados.<\/p>\n<p class=\"p1\">Colaborar y poner en conocimiento de Pl\u00e1sticos Judo, S.A. aquellas informaciones, en especial de tipo t\u00e9cnico, a las que tenga acceso en el ejercicio de sus operaciones y que pudieren afectar o perjudicar de forma alguna a la integridad del Sitio Web www.plasticosjudo.com, el servicio prestado por Pl\u00e1sticos Judo, S.A., sus socios, colaboradores, proveedores, otros usuarios u otros terceros; as\u00ed como a las estipulaciones del presente Aviso Legal, o en su caso, las Condiciones de Uso y Contrataci\u00f3n.<\/p>\n<p class=\"p1\">No realizar ning\u00fan pedido falso o fraudulento. Si tuvi\u00e9ramos indicios razonables p or los que pudi\u00e9ramos considerar que el usuario ha realizado un pedido fraudulento, estaremos autorizados a anularlo e informar a las autoridades pertinentes.<\/p>\n<p class=\"p1\">No ceder su cuenta de Usuario ni revender a terceros los servicios prestados por Pl\u00e1sticos Judo, S.A..<\/p>\n<h3 class=\"p1\"><strong><\/strong><\/h3>\n<h3 class=\"p1\"><strong><\/strong><\/h3>\n<h3 class=\"p1\"><strong>Responsabilidad<\/strong><\/h3>\n<p class=\"p1\">Pl\u00e1sticos Judo, S.A., no podr\u00e1 ser considerada responsable de los posibles da\u00f1os o perjuicios que se derivaren del mal funcionamiento de las redes telem\u00e1ticas que facilitan el acceso a www.plasticosjudo.com, as\u00ed como tampoco de las posibles interrupciones de acceso, virus, conexiones y sistemas operativos de acceso a la red de Internet. As\u00ed mismo, Pl\u00e1sticos Judo, S.A., tampoco podr\u00e1 ser considerada responsable de los posibles da\u00f1os derivados de actuaciones il\u00edcitas e ileg\u00edtimas de terceros ajenos a Pl\u00e1sticos Judo, S.A., en la transmisi\u00f3n de datos a trav\u00e9s de las redes telem\u00e1ticas.<\/p>\n<h2 class=\"p1\"><strong><\/strong><\/h2>\n<h3 class=\"p1\"><strong>Contenidos Web y enlaces a terceros<\/strong><\/h3>\n<p class=\"p1\">La informaci\u00f3n contenida en el espacio web puede no estar actualizada en todo momento, en cuyo caso Pl\u00e1sticos Judo, S.A., no ser\u00e1 responsable de los posibles da\u00f1os derivados de un uso externo y\/o por terceros de la informaci\u00f3n facilitada.<\/p>\n<p class=\"p1\">Pl\u00e1sticos Judo, S.A., se reserva el derecho a poder suspender temporalmente la accesibilidad al espacio Web cuando sea necesario, sin necesidad de previo aviso y as\u00ed poder realizar las actuaciones de mantenimiento y actualizaci\u00f3n necesarias.<\/p>\n<p class=\"p1\">www.plasticosjudo.com, puede contener enlaces y\/o v\u00ednculos (links) a p\u00e1ginas web externas de terceros cuyo contenido no es atribuible ni exigible a Pl\u00e1sticos Judo, S.A., siendo responsable el titular de cada uno de los espacios web accedidos.<\/p>\n<p class=\"p1\">El establecimiento de cualquier hiperenlace desde una p\u00e1gina Web al espacio web www.plasticosjudo.com, deber\u00e1 realizarse siempre a la p\u00e1gina principal, estando prohibida la reproducci\u00f3n total y\/o parcial de los servicios contenidos en Pl\u00e1sticos Judo, S.A., sin previa autorizaci\u00f3n.<\/p>\n<h3 class=\"p1\"><\/h3>\n<h3 class=\"p1\"><strong>Propiedad industrial e intelectual<\/strong><\/h3>\n<p class=\"p1\">Los contenidos (incluyendo, pero no de forma exclusiva, textos, logos, i m\u00e1genes, dibujos, dise\u00f1o web, marcas, c\u00f3digo fuente y software) del Sitio Web www.plasticosjudo.com se encuentran protegidos por la legislaci\u00f3n de propiedad industrial e intelectual vigente y cualquier otra normativa aplicable. La explotaci\u00f3n leg\u00edtima de los mismos corresponde exclusivamente a Pl\u00e1sticos Judo, S.A. o a sus licenciadores, quedando totalmente prohibida la reproducci\u00f3n y\/o distribuci\u00f3n total o parcial de cualquier tipo de contenido por parte del usuario y\/o terceros de no existir autorizaci\u00f3n expresa por parte de Pl\u00e1sticos Judo, S.A. facultando o permitiendo la difusi\u00f3n de los mismos.<\/p>\n<p class=\"p1\">En ning\u00fan caso el acceso al Sitio Web www.plasticosjudo.com implica permiso, renuncia, transmisi\u00f3n, licencia o cesi\u00f3n total ni parcial de dichos derechos por parte de sus titulares ni ning\u00fan otro derecho de utilizaci\u00f3n, alteraci\u00f3n, explotaci\u00f3n, reproducci\u00f3n, distribuci\u00f3n o comunicaci\u00f3n p\u00fablica, salvo que Pl\u00e1sticos Judo, S.A. autorice de forma expresa lo contrario.<\/p>\n<p class=\"p1\">Sin perjuicio de todo lo anterior, si el usuario o un tercero estima que alg\u00fan contenido del Sitio Web www.plasticosjudo.com pudiera vulnerar derechos de terceros, rogamos as\u00ed lo pongan en nuestro conocimiento a la mayor brevedad posible.<\/p>\n<h3 class=\"p1\"><strong><\/strong><\/h3>\n<h3 class=\"p1\"><strong><\/strong><\/h3>\n<h3 class=\"p1\"><strong>Comentarios y sugerencias<\/strong><\/h3>\n<p class=\"p1\">Sus comentarios y sugerencias ser\u00e1n bien recibidos. Le rogamos que nos env\u00ede tales comentarios y sugerencias a trav\u00e9s de nuestro formulario de contacto.<\/p>\n<h3 class=\"p1\"><\/h3>\n<h3 class=\"p1\"><\/h3>\n<h3 class=\"p1\"><strong>Modificaci\u00f3n del Aviso Legal<\/strong><\/h3>\n<p class=\"p1\">Lo contenido en el presente Aviso Legal tiene una duraci\u00f3n indefinida, y podr\u00e1 ser modificado en cualquier momento en atenci\u00f3n a la normativa vigente en cada momento y a los cambios que pudieran surgir de la actividad de Pl\u00e1sticos Judo, S.A..<\/p>\n<h3 class=\"p1\"><strong><\/strong><\/h3>\n<h3 class=\"p1\"><strong><\/strong><\/h3>\n<h3 class=\"p1\"><strong>Comentarios y sugerencias<\/strong><\/h3>\n<p class=\"p1\">Sus comentarios y sugerencias ser\u00e1n bien recibidos. Le rogamos que nos env\u00ede tales comentarios y sugerencias a trav\u00e9s de nuestro formulario de contacto.<\/p>\n<h3 class=\"p1\"><strong><\/strong><\/h3>\n<h3 class=\"p1\"><strong><\/strong><\/h3>\n<h3 class=\"p1\"><strong>Legislaci\u00f3n y jurisdicci\u00f3n aplicables<\/strong><\/h3>\n<p class=\"p1\">Lo contenido en el presente Aviso Legal y cualquiera de las pol\u00edticas de privacidad, cookies o normas sectoriales de aplicaci\u00f3n se rigen por las Leyes espa\u00f1olas vigentes en cada momento. En caso de disputa o controversia las partes se someter\u00e1n a la jurisdicci\u00f3n de los Juzgados y Tribunales competentes. En caso que las partes consideren preciso recurrir a sistemas alternativos de resoluci\u00f3n de controversias, como el arbitraje o la mediaci\u00f3n, deber\u00e1n proponerlo y aceptarlo expresamente y por escrito en el momento en que surja la controversia, y siempre en base a lo previsto por la normativa de aplicaci\u00f3n.<\/p>\n<p>[\/et_pb_text][\/et_pb_column][\/et_pb_row][\/et_pb_section][et_pb_section fb_built=\u00bb1&#8243; admin_label=\u00bbFooter\u00bb _builder_version=\u00bb4.20.2&#8243; _module_preset=\u00bbdefault\u00bb background_color=\u00bb#000000&#8243; custom_padding=\u00bb0px||0px||false|false\u00bb hover_enabled=\u00bb0&#8243; global_module=\u00bb72&#8243; saved_tabs=\u00bball\u00bb collapsed=\u00bboff\u00bb global_colors_info=\u00bb{}\u00bb sticky_enabled=\u00bb0&#8243;][et_pb_row column_structure=\u00bb1_3,1_3,1_3&#8243; use_custom_gutter=\u00bbon\u00bb gutter_width=\u00bb1&#8243; make_equal=\u00bbon\u00bb _builder_version=\u00bb4.20.2&#8243; _module_preset=\u00bbdefault\u00bb width=\u00bb100%\u00bb max_width=\u00bb100%\u00bb custom_padding=\u00bb0px||0px||true|false\u00bb box_shadow_style=\u00bbpreset1&#8243; global_colors_info=\u00bb{}\u00bb][et_pb_column type=\u00bb1_3&#8243; _builder_version=\u00bb4.20.2&#8243; _module_preset=\u00bbdefault\u00bb background_color=\u00bbrgba(255,255,255,0.1)\u00bb custom_padding=\u00bb6%|8%|6%|8%|true|true\u00bb global_colors_info=\u00bb{}\u00bb][et_pb_image src=\u00bbhttps:\/\/taveracom.es\/judo\/wp-content\/uploads\/2023\/03\/logojudo.svg\u00bb title_text=\u00bblogojudo\u00bb align_tablet=\u00bbcenter\u00bb align_phone=\u00bb\u00bb align_last_edited=\u00bbon|tablet\u00bb _builder_version=\u00bb4.20.2&#8243; _module_preset=\u00bbdefault\u00bb width_tablet=\u00bb55%\u00bb width_phone=\u00bb\u00bb width_last_edited=\u00bbon|tablet\u00bb custom_margin=\u00bb62px||||false|false\u00bb custom_margin_tablet=\u00bb22px||||false|false\u00bb custom_margin_phone=\u00bb12px||||false|false\u00bb custom_margin_last_edited=\u00bbon|tablet\u00bb global_colors_info=\u00bb{}\u00bb][\/et_pb_image][\/et_pb_column][et_pb_column type=\u00bb1_3&#8243; _builder_version=\u00bb4.20.2&#8243; _module_preset=\u00bbdefault\u00bb background_color=\u00bb#FFFFFF\u00bb background_enable_image=\u00bboff\u00bb background_enable_video_mp4=\u00bboff\u00bb background_video_width=\u00bb500&#8243; background_video_height=\u00bb100&#8243; custom_padding=\u00bb8%|6%|5%|6%|false|true\u00bb global_colors_info=\u00bb{}\u00bb][et_pb_image src=\u00bbhttps:\/\/taveracom.es\/judo\/wp-content\/uploads\/2023\/03\/logos-marcas-kit-digital2.svg\u00bb title_text=\u00bblogos-marcas-kit-digital2&#8243; align_tablet=\u00bbcenter\u00bb align_phone=\u00bb\u00bb align_last_edited=\u00bbon|tablet\u00bb _builder_version=\u00bb4.20.2&#8243; _module_preset=\u00bbdefault\u00bb width=\u00bb100%\u00bb width_tablet=\u00bb65%\u00bb width_phone=\u00bb\u00bb width_last_edited=\u00bbon|tablet\u00bb max_width=\u00bb130%\u00bb custom_margin=\u00bb-64px||-104px||false|false\u00bb custom_margin_tablet=\u00bb-48px||-43px||false|false\u00bb custom_margin_phone=\u00bb-27px||-13px||false|false\u00bb custom_margin_last_edited=\u00bbon|phone\u00bb global_colors_info=\u00bb{}\u00bb][\/et_pb_image][\/et_pb_column][et_pb_column type=\u00bb1_3&#8243; _builder_version=\u00bb4.20.2&#8243; _module_preset=\u00bbdefault\u00bb use_background_color_gradient=\u00bbon\u00bb background_color_gradient_stops=\u00bbrgba(19,18,24,0.64) 0%|#131218 100%\u00bb background_color_gradient_overlays_image=\u00bbon\u00bb background_enable_image=\u00bboff\u00bb custom_padding=\u00bb8%|8%|8%|8%|true|true\u00bb global_colors_info=\u00bb{}\u00bb][et_pb_text _builder_version=\u00bb4.20.2&#8243; _module_preset=\u00bb4827deed-2a92-4d97-a22f-f01067ae6873&#8243; header_font=\u00bb||||||||\u00bb header_4_font=\u00bbAlike||||||||\u00bb header_4_text_color=\u00bb#E02B20&#8243; header_4_font_size=\u00bb20px\u00bb header_4_line_height=\u00bb1.4em\u00bb text_orientation=\u00bbcenter\u00bb custom_margin=\u00bb-38px||13px||false|false\u00bb custom_margin_tablet=\u00bb\u00bb custom_margin_phone=\u00bb-8px||||false|false\u00bb custom_margin_last_edited=\u00bbon|phone\u00bb header_4_font_size_tablet=\u00bb16px\u00bb header_4_font_size_phone=\u00bb15px\u00bb header_4_font_size_last_edited=\u00bbon|desktop\u00bb global_colors_info=\u00bb{}\u00bb]<\/p>\n<h2><strong><span style=\"color: #ff0000;\">Pl\u00e1sticos Inyectados Judo<\/span><\/strong><\/h2>\n<p>[\/et_pb_text][et_pb_text _builder_version=\u00bb4.20.2&#8243; _module_preset=\u00bbdefault\u00bb text_font=\u00bb|600|||||||\u00bb text_text_color=\u00bb#FFFFFF\u00bb custom_margin=\u00bb||-38px|||\u00bb custom_margin_tablet=\u00bb||-8px||false|false\u00bb custom_margin_phone=\u00bb||12px||false|false\u00bb custom_margin_last_edited=\u00bbon|desktop\u00bb global_colors_info=\u00bb{}\u00bb]<\/p>\n<p style=\"text-align: center;\">C\/ Rioja, s\/n \u2013 Pol. Ind. Tarazona<br \/>50500 Tarazona (Zaragoza)<br \/>T: 976 199 100 \u00b7 609 536 102<br \/>E:\u00a0<span style=\"color: #ff0000;\"><a style=\"color: #ff0000;\" href=\"mailto:rafael.perez@plasticosjudo.com\">rafael.perez@plasticosjudo.com<\/a><\/span><\/p>\n<p>[\/et_pb_text][et_pb_text _builder_version=\u00bb4.20.2&#8243; _module_preset=\u00bbdefault\u00bb text_font_size=\u00bb17px\u00bb text_line_height=\u00bb2em\u00bb custom_margin=\u00bb68px||-60px||false|false\u00bb custom_margin_tablet=\u00bb38px||-30px||false|false\u00bb custom_margin_phone=\u00bb38px||-10px||false|false\u00bb custom_margin_last_edited=\u00bbon|phone\u00bb hover_enabled=\u00bb0&#8243; global_colors_info=\u00bb{}\u00bb sticky_enabled=\u00bb0&#8243;]<\/p>\n<p style=\"text-align: center;\"><a href=\"https:\/\/taveracom.es\/judo\/aviso-legal\"><span style=\"color: #ffffff;\">Aviso legal<\/span><\/a><br \/><span style=\"color: #ffffff;\">Pol\u00edtica de privacidad<\/span><br \/><span style=\"color: #ffffff;\">Pol\u00edticas de cookies<\/span><\/p>\n<p>[\/et_pb_text][\/et_pb_column][\/et_pb_row][\/et_pb_section]<\/p>\n","protected":false},"excerpt":{"rendered":"<p>AVISO LEGAL &nbsp; Titularidad del Sitio Web www.plasticosjudo.com es un espacio web, cuyo nombre de dominio se encuentra registrado y es propiedad de Pl\u00e1sticos Judo, S.A., con domicilio en C\/ Rioja, s\/n. Pol. Ind. Tarazona. 50500 Tarazona (Zaragoza), inscrita en el Registro Mercantil de Madrid, disponiendo de NIF A28997088. La finalidad de www.plasticosjudo.com, es la [&hellip;]<\/p>\n","protected":false},"author":1,"featured_media":0,"parent":0,"menu_order":0,"comment_status":"closed","ping_status":"closed","template":"","meta":{"_et_pb_use_builder":"on","_et_pb_old_content":"","_et_gb_content_width":"","inline_featured_image":false,"footnotes":""},"class_list":["post-180","page","type-page","status-publish","hentry"],"yoast_head":"<!-- This site is optimized with the Yoast SEO plugin v20.4 - https:\/\/yoast.com\/wordpress\/plugins\/seo\/ -->\n<title>AVISO LEGAL - Pl\u00e1sticos Inyectados Judo<\/title>\n<meta name=\"robots\" content=\"noindex, follow, max-snippet:-1, max-image-preview:large, max-video-preview:-1\" \/>\n<meta property=\"og:locale\" content=\"es_ES\" \/>\n<meta property=\"og:type\" content=\"article\" \/>\n<meta property=\"og:title\" content=\"AVISO LEGAL - Pl\u00e1sticos Inyectados Judo\" \/>\n<meta property=\"og:description\" content=\"AVISO LEGAL &nbsp; Titularidad del Sitio Web www.plasticosjudo.com es un espacio web, cuyo nombre de dominio se encuentra registrado y es propiedad de Pl\u00e1sticos Judo, S.A., con domicilio en C\/ Rioja, s\/n. Pol. Ind. Tarazona. 50500 Tarazona (Zaragoza), inscrita en el Registro Mercantil de Madrid, disponiendo de NIF A28997088. La finalidad de www.plasticosjudo.com, es la [&hellip;]\" \/>\n<meta property=\"og:url\" content=\"https:\/\/taveracom.es\/judo\/aviso-legal\/\" \/>\n<meta property=\"og:site_name\" content=\"Pl\u00e1sticos Inyectados Judo\" \/>\n<meta property=\"article:modified_time\" content=\"2023-03-22T16:41:25+00:00\" \/>\n<meta name=\"twitter:card\" content=\"summary_large_image\" \/>\n<meta name=\"twitter:label1\" content=\"Tiempo de lectura\" \/>\n\t<meta name=\"twitter:data1\" content=\"9 minutos\" \/>\n<script type=\"application\/ld+json\" class=\"yoast-schema-graph\">{\"@context\":\"https:\/\/schema.org\",\"@graph\":[{\"@type\":\"WebPage\",\"@id\":\"https:\/\/taveracom.es\/judo\/aviso-legal\/\",\"url\":\"https:\/\/taveracom.es\/judo\/aviso-legal\/\",\"name\":\"AVISO LEGAL - Pl\u00e1sticos Inyectados Judo\",\"isPartOf\":{\"@id\":\"https:\/\/taveracom.es\/judo\/#website\"},\"datePublished\":\"2023-03-22T16:40:22+00:00\",\"dateModified\":\"2023-03-22T16:41:25+00:00\",\"breadcrumb\":{\"@id\":\"https:\/\/taveracom.es\/judo\/aviso-legal\/#breadcrumb\"},\"inLanguage\":\"es\",\"potentialAction\":[{\"@type\":\"ReadAction\",\"target\":[\"https:\/\/taveracom.es\/judo\/aviso-legal\/\"]}]},{\"@type\":\"BreadcrumbList\",\"@id\":\"https:\/\/taveracom.es\/judo\/aviso-legal\/#breadcrumb\",\"itemListElement\":[{\"@type\":\"ListItem\",\"position\":1,\"name\":\"Portada\",\"item\":\"https:\/\/taveracom.es\/judo\/\"},{\"@type\":\"ListItem\",\"position\":2,\"name\":\"AVISO LEGAL\"}]},{\"@type\":\"WebSite\",\"@id\":\"https:\/\/taveracom.es\/judo\/#website\",\"url\":\"https:\/\/taveracom.es\/judo\/\",\"name\":\"Pl\u00e1sticos Inyectados Judo\",\"description\":\"Expertos en Pl\u00e1sticos Inyectados\",\"potentialAction\":[{\"@type\":\"SearchAction\",\"target\":{\"@type\":\"EntryPoint\",\"urlTemplate\":\"https:\/\/taveracom.es\/judo\/?s={search_term_string}\"},\"query-input\":\"required name=search_term_string\"}],\"inLanguage\":\"es\"}]}<\/script>\n<!-- \/ Yoast SEO plugin. -->","yoast_head_json":{"title":"AVISO LEGAL - Pl\u00e1sticos Inyectados Judo","robots":{"index":"noindex","follow":"follow","max-snippet":"max-snippet:-1","max-image-preview":"max-image-preview:large","max-video-preview":"max-video-preview:-1"},"og_locale":"es_ES","og_type":"article","og_title":"AVISO LEGAL - Pl\u00e1sticos Inyectados Judo","og_description":"AVISO LEGAL &nbsp; Titularidad del Sitio Web www.plasticosjudo.com es un espacio web, cuyo nombre de dominio se encuentra registrado y es propiedad de Pl\u00e1sticos Judo, S.A., con domicilio en C\/ Rioja, s\/n. Pol. Ind. Tarazona. 50500 Tarazona (Zaragoza), inscrita en el Registro Mercantil de Madrid, disponiendo de NIF A28997088. La finalidad de www.plasticosjudo.com, es la [&hellip;]","og_url":"https:\/\/taveracom.es\/judo\/aviso-legal\/","og_site_name":"Pl\u00e1sticos Inyectados Judo","article_modified_time":"2023-03-22T16:41:25+00:00","twitter_card":"summary_large_image","twitter_misc":{"Tiempo de lectura":"9 minutos"},"schema":{"@context":"https:\/\/schema.org","@graph":[{"@type":"WebPage","@id":"https:\/\/taveracom.es\/judo\/aviso-legal\/","url":"https:\/\/taveracom.es\/judo\/aviso-legal\/","name":"AVISO LEGAL - Pl\u00e1sticos Inyectados Judo","isPartOf":{"@id":"https:\/\/taveracom.es\/judo\/#website"},"datePublished":"2023-03-22T16:40:22+00:00","dateModified":"2023-03-22T16:41:25+00:00","breadcrumb":{"@id":"https:\/\/taveracom.es\/judo\/aviso-legal\/#breadcrumb"},"inLanguage":"es","potentialAction":[{"@type":"ReadAction","target":["https:\/\/taveracom.es\/judo\/aviso-legal\/"]}]},{"@type":"BreadcrumbList","@id":"https:\/\/taveracom.es\/judo\/aviso-legal\/#breadcrumb","itemListElement":[{"@type":"ListItem","position":1,"name":"Portada","item":"https:\/\/taveracom.es\/judo\/"},{"@type":"ListItem","position":2,"name":"AVISO LEGAL"}]},{"@type":"WebSite","@id":"https:\/\/taveracom.es\/judo\/#website","url":"https:\/\/taveracom.es\/judo\/","name":"Pl\u00e1sticos Inyectados Judo","description":"Expertos en Pl\u00e1sticos Inyectados","potentialAction":[{"@type":"SearchAction","target":{"@type":"EntryPoint","urlTemplate":"https:\/\/taveracom.es\/judo\/?s={search_term_string}"},"query-input":"required name=search_term_string"}],"inLanguage":"es"}]}},"_links":{"self":[{"href":"https:\/\/taveracom.es\/judo\/wp-json\/wp\/v2\/pages\/180","targetHints":{"allow":["GET"]}}],"collection":[{"href":"https:\/\/taveracom.es\/judo\/wp-json\/wp\/v2\/pages"}],"about":[{"href":"https:\/\/taveracom.es\/judo\/wp-json\/wp\/v2\/types\/page"}],"author":[{"embeddable":true,"href":"https:\/\/taveracom.es\/judo\/wp-json\/wp\/v2\/users\/1"}],"replies":[{"embeddable":true,"href":"https:\/\/taveracom.es\/judo\/wp-json\/wp\/v2\/comments?post=180"}],"version-history":[{"count":3,"href":"https:\/\/taveracom.es\/judo\/wp-json\/wp\/v2\/pages\/180\/revisions"}],"predecessor-version":[{"id":189,"href":"https:\/\/taveracom.es\/judo\/wp-json\/wp\/v2\/pages\/180\/revisions\/189"}],"wp:attachment":[{"href":"https:\/\/taveracom.es\/judo\/wp-json\/wp\/v2\/media?parent=180"}],"curies":[{"name":"wp","href":"https:\/\/api.w.org\/{rel}","templated":true}]}}