{"id":191,"date":"2023-03-22T16:48:07","date_gmt":"2023-03-22T16:48:07","guid":{"rendered":"https:\/\/taveracom.es\/judo\/?page_id=191"},"modified":"2023-03-22T16:52:11","modified_gmt":"2023-03-22T16:52:11","slug":"politica-de-privacidad","status":"publish","type":"page","link":"https:\/\/taveracom.es\/judo\/politica-de-privacidad\/","title":{"rendered":"POL\u00cdTICA DE PRIVACIDAD"},"content":{"rendered":"<p>[et_pb_section fb_built=\u00bb1&#8243; _builder_version=\u00bb4.20.2&#8243; _module_preset=\u00bbdefault\u00bb background_color=\u00bb#FFFFFF\u00bb custom_margin=\u00bb-1px|||||\u00bb custom_padding=\u00bb49px||34px|||\u00bb locked=\u00bboff\u00bb global_colors_info=\u00bb{}\u00bb][et_pb_row _builder_version=\u00bb4.20.2&#8243; _module_preset=\u00bbdefault\u00bb global_colors_info=\u00bb{}\u00bb][et_pb_column type=\u00bb4_4&#8243; _builder_version=\u00bb4.20.2&#8243; _module_preset=\u00bbdefault\u00bb global_colors_info=\u00bb{}\u00bb][et_pb_text _builder_version=\u00bb4.20.2&#8243; _module_preset=\u00bbdefault\u00bb header_font=\u00bbAlike||||||||\u00bb header_font_size=\u00bb56px\u00bb global_colors_info=\u00bb{}\u00bb]<\/p>\n<h1><span style=\"color: #e2001a;\">POL\u00cdTICA DE PRIVACIDAD<\/span><\/h1>\n<p>&nbsp;<\/p>\n<p class=\"p1\">Siguiendo los principios de licitud, lealtad y transparencia, ponemos a su disposici\u00f3n la presente Pol\u00edtica de Privacidad.<\/p>\n<h3 class=\"p1\"><strong><\/strong><\/h3>\n<h3 class=\"p1\"><strong><\/strong><\/h3>\n<h3 class=\"p1\"><strong>\u00bfQui\u00e9n es el Responsable del tratamiento de sus datos?<\/strong><\/h3>\n<p class=\"p1\"><strong>Responsable<\/strong> Avanza Madrid, S.L.<\/p>\n<p class=\"p1\"><strong>NIF<\/strong> A28997088<\/p>\n<p class=\"p1\"><strong>Domicilio Social<\/strong> C\/ Rioja, s\/n. Pol. Ind. Tarazona. 50500 Tarazona (Zaragoza)<\/p>\n<p class=\"p1\"><strong>Email<\/strong> rafael.perez@plasticosjudo.com<\/p>\n<p class=\"p1\"><strong>Tel\u00e9fonos<\/strong> 976 199 100 \u00b7 609 536 102<\/p>\n<p class=\"p1\"><strong>DPO<\/strong> rafael.perez@plasticosjudo.com<\/p>\n<h3 class=\"p1\"><strong><\/strong><\/h3>\n<h3 class=\"p1\"><strong><\/strong><\/h3>\n<h3 class=\"p1\"><strong>\u00bfCon qu\u00e9 finalidad tratamos sus datos personales?<\/strong><\/h3>\n<p class=\"p1\">Pl\u00e1sticos Judo, S.A. dependiendo de la categor\u00eda de interesado de que se trate, tratamos la informaci\u00f3n que nos facilita con las siguientes finalidades:<\/p>\n<h4 class=\"p1\"><\/h4>\n<h4 class=\"p1\"><strong>INTERESADOS<\/strong> FINALIDADES DEL TRATAMIENTO<\/h4>\n<p class=\"p1\"><strong>Potenciales clientes<\/strong> Gestionar la potencial relaci\u00f3n comercial y\/o profesional, gestionar el env\u00edo de informaci\u00f3n solicitada y\/o resolver las consultas planteadas, facilitar ofertas de nuestros servicios y\/o productos de su inter\u00e9s.<\/p>\n<p class=\"p1\"><strong>Clientes<\/strong> Gestionar la relaci\u00f3n comercial y\/o profesional, facilitar ofertas de nuestros servicios y\/o productos de su inter\u00e9s.<\/p>\n<p class=\"p1\"><strong>Proveedores<\/strong> Gestionar la relaci\u00f3n comercial y\/o profesional.<\/p>\n<p class=\"p1\"><strong>Candidatos<\/strong> Gestionar el proceso de selecci\u00f3n de personal.<\/p>\n<h3 class=\"p1\"><strong><\/strong><\/h3>\n<h3 class=\"p1\"><strong><\/strong><\/h3>\n<h3 class=\"p1\"><strong>\u00bfCu\u00e1l es la legitimaci\u00f3n para el tratamiento de sus datos?<\/strong><\/h3>\n<p class=\"p1\">La base legal para el tratamiento de sus datos personales, dependiendo de la categor\u00eda de interesado de que se trate, puede ser:<\/p>\n<h4 class=\"p1\"><strong>INTERESADOS<\/strong> BASE LEGAL<\/h4>\n<p class=\"p1\"><strong>Potenciales clientes<\/strong><\/p>\n<p class=\"p1\">Art. 6.1.b RGPD: aplicaci\u00f3n, a petici\u00f3n del interesado, de medidas precontractuales (presupuestos, hojas de encargo, ofertas de servicios\u2026).<\/p>\n<p class=\"p1\">Art. 6.1.f RGPD: Inter\u00e9s leg\u00edtimo (enviar informaci\u00f3n solicitada, responder a las consultas planteadas\u2026).<\/p>\n<p class=\"p1\">Art. 6.1.a RGPD: consentimiento del propio interesado (facilitar ofertas de nuestros servicios y\/o productos).<\/p>\n<p class=\"p1\"><strong>Clientes<\/strong> Art. 6.1.b RGPD: ejecuci\u00f3n de un contrato en el que el interesado es parte.<\/p>\n<p class=\"p1\"><strong>Proveedores<\/strong> Art. 6.1.b RGPD: ejecuci\u00f3n de un contrato en el que el interesado es parte.<\/p>\n<p class=\"p1\"><strong>Candidatos<\/strong> Art. 6.1.a RGPD: consentimiento del propio interesado.<\/p>\n<p class=\"p1\">Los datos que le solicitamos son adecuados, pertinentes y estrictamente necesarios y en ning\u00fan caso est\u00e1 obligado a facilit\u00e1rnoslos, pero su no comunicaci\u00f3n podr\u00e1 afectar a la finalidad del servicio o la imposibilidad de prestarlo.<\/p>\n<h3 class=\"p1\"><strong><\/strong><\/h3>\n<h3 class=\"p1\"><strong><\/strong><\/h3>\n<h3 class=\"p1\"><strong>\u00bfPor cu\u00e1nto tiempo conservaremos sus datos personales?<\/strong><\/h3>\n<p class=\"p1\">Sus datos, ser\u00e1n conservados el tiempo m\u00ednimo necesario para la correcta prestaci\u00f3n del servicio ofrecido as\u00ed como para atender las responsabilidades que se pudieran derivar del mismo y de cualquier otra exigencia legal.<\/p>\n<h3 class=\"p1\"><strong><\/strong><\/h3>\n<h3 class=\"p1\"><strong><\/strong><\/h3>\n<h3 class=\"p1\"><strong>\u00bfA qu\u00e9 destinatarios se comunicar\u00e1n sus datos?<\/strong><\/h3>\n<p class=\"p1\">Pl\u00e1sticos Judo, S.A. no comunicar\u00e1 sus datos a ning\u00fan tercero, salvo autorizaci\u00f3n expresa por su parte.<\/p>\n<p class=\"p1\">Como excepci\u00f3n a lo anterior, le informamos que determinados datos, en virtud con la normativa vigente o de la relaci\u00f3n contractual que mantenga con Pl\u00e1sticos Judo, S.A. podr\u00e1n ser comunicados a:<\/p>\n<p class=\"p1\">Los bancos y entidades financieras para el cobro de los servicios contratados y\/o productos comprados.<\/p>\n<p class=\"p1\">Administraciones p\u00fablicas con competencia en los sectores de actividad de Pl\u00e1sticos Judo, S.A. cuando as\u00ed lo establezca la normativa vigente.<\/p>\n<h3 class=\"p1\"><strong><\/strong><\/h3>\n<h3 class=\"p1\"><strong><\/strong><\/h3>\n<h3 class=\"p1\"><strong>\u00bfCu\u00e1les son sus derechos cuando nos facilita sus datos?<\/strong><\/h3>\n<p class=\"p1\">Los derechos de protecci\u00f3n de datos que podr\u00e1n ejercer los interesados, cuando procedan, son:<\/p>\n<p class=\"p1\">Derecho a solicitar el acceso a los datos personales relativos al interesado.<\/p>\n<p class=\"p1\">Derecho de rectificaci\u00f3n o supresi\u00f3n.<\/p>\n<p class=\"p1\">Derecho de oposici\u00f3n.<\/p>\n<p class=\"p1\">Derecho a solicitar la limitaci\u00f3n de su tratamiento.<\/p>\n<p class=\"p1\">Derecho a la portabilidad de los datos.<\/p>\n<p class=\"p1\">Derecho a no ser objeto de decisiones basadas \u00fanicamente en el tratamiento automatizado de datos.<\/p>\n<p class=\"p1\">Los titulares de los datos personales obtenidos, podr\u00e1n ejercer sus derechos de protecci\u00f3n de datos personales dirigiendo una comunicaci\u00f3n por escrito al domicilio social de Pl\u00e1sticos Judo, S.A. o al correo electr\u00f3nico habilitado a tal efecto rafael.perez@plasticosjudo.com<\/p>\n<p class=\"p1\">Modelos, formularios y m\u00e1s informaci\u00f3n disponible sobre sus derechos en la p\u00e1gina web de la autoridad de control nacional, Agencia Espa\u00f1ola de Protecci\u00f3n de Datos, en adelante, AEPD, www.aepd.es<\/p>\n<h3 class=\"p1\"><strong><\/strong><\/h3>\n<h3 class=\"p1\"><strong><\/strong><\/h3>\n<h3 class=\"p1\"><strong>\u00bfPuedo retirar el consentimiento?<\/strong><\/h3>\n<p class=\"p1\">Usted tiene la posibilidad y el derecho a retirar el consentimiento para cualquiera finalidad espec\u00edfica otorgada en su momento, sin que ello afecte a la licitud del tratamiento basado en el consentimiento previo a su retirada.<\/p>\n<h3 class=\"p1\"><strong><\/strong><\/h3>\n<h3 class=\"p1\"><strong><\/strong><\/h3>\n<h3 class=\"p1\"><strong>\u00bfD\u00f3nde puedo reclamar en caso de que considere que no se tratan mis datos correctamente?<\/strong><\/h3>\n<p class=\"p1\">Si alg\u00fan interesado considera que sus datos no son tratados correctamente por Pl\u00e1sticos Judo, S.A. o que las solicitudes de ejercicio de derechos no han sido atendidas de forma satisfactoria, puede interponer una reclamaci\u00f3n ante a la autoridad de protecci\u00f3n de datos que corresponda, siendo la AEPD la indicada en el territorio nacional, www.aepd.es.<\/p>\n<h3 class=\"p1\"><strong><\/strong><\/h3>\n<h3 class=\"p1\"><strong><\/strong><\/h3>\n<h3 class=\"p1\"><strong>Seguridad y actualizaci\u00f3n de sus datos personales<\/strong><\/h3>\n<p class=\"p1\">Con el objetivo de salvaguardar la seguridad de sus datos personales, le informamos que ha adoptado todas las medidas de \u00edndole t\u00e9cnica y organizativa necesarias para garantizar la seguridad de los datos personales suministrados. Todo ello para evitar su alteraci\u00f3n, p\u00e9rdida, y\/o tratamientos o accesos no autorizados, tal como exige la normativa, si bien la seguridad absoluta no existe.<\/p>\n<p class=\"p1\">Es importante que, para que podamos mantener sus datos personales actualizados, nos informe siempre que se produzca una modificaci\u00f3n de los mismos.<\/p>\n<h3 class=\"p1\"><strong><\/strong><\/h3>\n<h3 class=\"p1\"><strong><\/strong><\/h3>\n<h3 class=\"p1\"><strong>Confidencialidad<\/strong><\/h3>\n<p class=\"p1\">Pl\u00e1sticos Judo, S.A. le informa que sus datos ser\u00e1n tratados con el m\u00e1ximo celo y confidencialidad por todo el personal que intervenga en cualquiera de las fases del tratamiento. No cederemos ni comunicaremos a ning\u00fan tercero sus datos, excepto en los casos legalmente previstos, o salvo que el interesado nos hubiera autorizado expresamente.<\/p>\n<p>[\/et_pb_text][\/et_pb_column][\/et_pb_row][\/et_pb_section][et_pb_section fb_built=\u00bb1&#8243; admin_label=\u00bbFooter\u00bb _builder_version=\u00bb4.20.2&#8243; _module_preset=\u00bbdefault\u00bb background_color=\u00bb#000000&#8243; custom_padding=\u00bb0px||0px||false|false\u00bb global_module=\u00bb72&#8243; saved_tabs=\u00bball\u00bb collapsed=\u00bboff\u00bb global_colors_info=\u00bb{}\u00bb][et_pb_row column_structure=\u00bb1_3,1_3,1_3&#8243; use_custom_gutter=\u00bbon\u00bb gutter_width=\u00bb1&#8243; make_equal=\u00bbon\u00bb _builder_version=\u00bb4.20.2&#8243; _module_preset=\u00bbdefault\u00bb width=\u00bb100%\u00bb max_width=\u00bb100%\u00bb custom_padding=\u00bb0px||0px||true|false\u00bb box_shadow_style=\u00bbpreset1&#8243; global_colors_info=\u00bb{}\u00bb][et_pb_column type=\u00bb1_3&#8243; _builder_version=\u00bb4.20.2&#8243; _module_preset=\u00bbdefault\u00bb background_color=\u00bbrgba(255,255,255,0.1)\u00bb custom_padding=\u00bb6%|8%|6%|8%|true|true\u00bb global_colors_info=\u00bb{}\u00bb][et_pb_image src=\u00bbhttps:\/\/taveracom.es\/judo\/wp-content\/uploads\/2023\/03\/logojudo.svg\u00bb title_text=\u00bblogojudo\u00bb align_tablet=\u00bbcenter\u00bb align_phone=\u00bb\u00bb align_last_edited=\u00bbon|tablet\u00bb _builder_version=\u00bb4.20.2&#8243; _module_preset=\u00bbdefault\u00bb width_tablet=\u00bb55%\u00bb width_phone=\u00bb\u00bb width_last_edited=\u00bbon|tablet\u00bb custom_margin=\u00bb62px||||false|false\u00bb custom_margin_tablet=\u00bb22px||||false|false\u00bb custom_margin_phone=\u00bb12px||||false|false\u00bb custom_margin_last_edited=\u00bbon|tablet\u00bb global_colors_info=\u00bb{}\u00bb][\/et_pb_image][\/et_pb_column][et_pb_column type=\u00bb1_3&#8243; _builder_version=\u00bb4.20.2&#8243; _module_preset=\u00bbdefault\u00bb background_color=\u00bb#FFFFFF\u00bb background_enable_image=\u00bboff\u00bb background_enable_video_mp4=\u00bboff\u00bb background_video_width=\u00bb500&#8243; background_video_height=\u00bb100&#8243; custom_padding=\u00bb8%|6%|5%|6%|false|true\u00bb global_colors_info=\u00bb{}\u00bb][et_pb_image src=\u00bbhttps:\/\/taveracom.es\/judo\/wp-content\/uploads\/2023\/03\/logos-marcas-kit-digital2.svg\u00bb title_text=\u00bblogos-marcas-kit-digital2&#8243; align_tablet=\u00bbcenter\u00bb align_phone=\u00bb\u00bb align_last_edited=\u00bbon|tablet\u00bb _builder_version=\u00bb4.20.2&#8243; _module_preset=\u00bbdefault\u00bb width=\u00bb100%\u00bb width_tablet=\u00bb65%\u00bb width_phone=\u00bb\u00bb width_last_edited=\u00bbon|tablet\u00bb max_width=\u00bb130%\u00bb custom_margin=\u00bb-64px||-104px||false|false\u00bb custom_margin_tablet=\u00bb-48px||-43px||false|false\u00bb custom_margin_phone=\u00bb-27px||-13px||false|false\u00bb custom_margin_last_edited=\u00bbon|phone\u00bb global_colors_info=\u00bb{}\u00bb][\/et_pb_image][\/et_pb_column][et_pb_column type=\u00bb1_3&#8243; _builder_version=\u00bb4.20.2&#8243; _module_preset=\u00bbdefault\u00bb use_background_color_gradient=\u00bbon\u00bb background_color_gradient_stops=\u00bbrgba(19,18,24,0.64) 0%|#131218 100%\u00bb background_color_gradient_overlays_image=\u00bbon\u00bb background_enable_image=\u00bboff\u00bb custom_padding=\u00bb8%|8%|8%|8%|true|true\u00bb global_colors_info=\u00bb{}\u00bb][et_pb_text _builder_version=\u00bb4.20.2&#8243; _module_preset=\u00bb4827deed-2a92-4d97-a22f-f01067ae6873&#8243; header_font=\u00bb||||||||\u00bb header_4_font=\u00bbAlike||||||||\u00bb header_4_text_color=\u00bb#E02B20&#8243; header_4_font_size=\u00bb20px\u00bb header_4_line_height=\u00bb1.4em\u00bb text_orientation=\u00bbcenter\u00bb custom_margin=\u00bb-38px||13px||false|false\u00bb custom_margin_tablet=\u00bb\u00bb custom_margin_phone=\u00bb-8px||||false|false\u00bb custom_margin_last_edited=\u00bbon|phone\u00bb header_4_font_size_tablet=\u00bb16px\u00bb header_4_font_size_phone=\u00bb15px\u00bb header_4_font_size_last_edited=\u00bbon|desktop\u00bb global_colors_info=\u00bb{}\u00bb]<\/p>\n<h2><strong><span style=\"color: #ff0000;\">Pl\u00e1sticos Inyectados Judo<\/span><\/strong><\/h2>\n<p>[\/et_pb_text][et_pb_text _builder_version=\u00bb4.20.2&#8243; _module_preset=\u00bbdefault\u00bb text_font=\u00bb|600|||||||\u00bb text_text_color=\u00bb#FFFFFF\u00bb custom_margin=\u00bb||-38px|||\u00bb custom_margin_tablet=\u00bb||-8px||false|false\u00bb custom_margin_phone=\u00bb||12px||false|false\u00bb custom_margin_last_edited=\u00bbon|desktop\u00bb global_colors_info=\u00bb{}\u00bb]<\/p>\n<p style=\"text-align: center;\">C\/ Rioja, s\/n \u2013 Pol. Ind. Tarazona<br \/>50500 Tarazona (Zaragoza)<br \/>T: 976 199 100 \u00b7 609 536 102<br \/>E:\u00a0<span style=\"color: #ff0000;\"><a style=\"color: #ff0000;\" href=\"mailto:rafael.perez@plasticosjudo.com\">rafael.perez@plasticosjudo.com<\/a><\/span><\/p>\n<p>[\/et_pb_text][et_pb_text _builder_version=\u00bb4.20.2&#8243; _module_preset=\u00bbdefault\u00bb text_font_size=\u00bb17px\u00bb text_line_height=\u00bb2em\u00bb custom_margin=\u00bb68px||-60px||false|false\u00bb custom_margin_tablet=\u00bb38px||-30px||false|false\u00bb custom_margin_phone=\u00bb38px||-10px||false|false\u00bb custom_margin_last_edited=\u00bbon|phone\u00bb global_colors_info=\u00bb{}\u00bb]<\/p>\n<p style=\"text-align: center;\"><a href=\"https:\/\/taveracom.es\/judo\/aviso-legal\"><span style=\"color: #ffffff;\">Aviso legal<\/span><\/a><br \/><a href=\"https:\/\/taveracom.es\/judo\/politica-de-privacidad\"><span style=\"color: #ffffff;\">Pol\u00edtica de privacidad<\/span><\/a><br \/><span style=\"color: #ffffff;\">Pol\u00edticas de cookies<\/span><\/p>\n<p>[\/et_pb_text][\/et_pb_column][\/et_pb_row][\/et_pb_section]<\/p>\n","protected":false},"excerpt":{"rendered":"<p>POL\u00cdTICA DE PRIVACIDAD &nbsp; Siguiendo los principios de licitud, lealtad y transparencia, ponemos a su disposici\u00f3n la presente Pol\u00edtica de Privacidad. \u00bfQui\u00e9n es el Responsable del tratamiento de sus datos? Responsable Avanza Madrid, S.L. NIF A28997088 Domicilio Social C\/ Rioja, s\/n. Pol. Ind. Tarazona. 50500 Tarazona (Zaragoza) Email rafael.perez@plasticosjudo.com Tel\u00e9fonos 976 199 100 \u00b7 609 [&hellip;]<\/p>\n","protected":false},"author":1,"featured_media":0,"parent":0,"menu_order":0,"comment_status":"closed","ping_status":"closed","template":"","meta":{"_et_pb_use_builder":"on","_et_pb_old_content":"","_et_gb_content_width":"","inline_featured_image":false,"footnotes":""},"class_list":["post-191","page","type-page","status-publish","hentry"],"yoast_head":"<!-- This site is optimized with the Yoast SEO plugin v20.4 - https:\/\/yoast.com\/wordpress\/plugins\/seo\/ -->\n<title>POL\u00cdTICA DE PRIVACIDAD - Pl\u00e1sticos Inyectados Judo<\/title>\n<meta name=\"robots\" content=\"noindex, follow, max-snippet:-1, max-image-preview:large, max-video-preview:-1\" \/>\n<meta property=\"og:locale\" content=\"es_ES\" \/>\n<meta property=\"og:type\" content=\"article\" \/>\n<meta property=\"og:title\" content=\"POL\u00cdTICA DE PRIVACIDAD - Pl\u00e1sticos Inyectados Judo\" \/>\n<meta property=\"og:description\" content=\"POL\u00cdTICA DE PRIVACIDAD &nbsp; Siguiendo los principios de licitud, lealtad y transparencia, ponemos a su disposici\u00f3n la presente Pol\u00edtica de Privacidad. \u00bfQui\u00e9n es el Responsable del tratamiento de sus datos? Responsable Avanza Madrid, S.L. NIF A28997088 Domicilio Social C\/ Rioja, s\/n. Pol. Ind. Tarazona. 50500 Tarazona (Zaragoza) Email rafael.perez@plasticosjudo.com Tel\u00e9fonos 976 199 100 \u00b7 609 [&hellip;]\" \/>\n<meta property=\"og:url\" content=\"https:\/\/taveracom.es\/judo\/politica-de-privacidad\/\" \/>\n<meta property=\"og:site_name\" content=\"Pl\u00e1sticos Inyectados Judo\" \/>\n<meta property=\"article:modified_time\" content=\"2023-03-22T16:52:11+00:00\" \/>\n<meta name=\"twitter:card\" content=\"summary_large_image\" \/>\n<meta name=\"twitter:label1\" content=\"Tiempo de lectura\" \/>\n\t<meta name=\"twitter:data1\" content=\"8 minutos\" \/>\n<script type=\"application\/ld+json\" class=\"yoast-schema-graph\">{\"@context\":\"https:\/\/schema.org\",\"@graph\":[{\"@type\":\"WebPage\",\"@id\":\"https:\/\/taveracom.es\/judo\/politica-de-privacidad\/\",\"url\":\"https:\/\/taveracom.es\/judo\/politica-de-privacidad\/\",\"name\":\"POL\u00cdTICA DE PRIVACIDAD - Pl\u00e1sticos Inyectados Judo\",\"isPartOf\":{\"@id\":\"https:\/\/taveracom.es\/judo\/#website\"},\"datePublished\":\"2023-03-22T16:48:07+00:00\",\"dateModified\":\"2023-03-22T16:52:11+00:00\",\"breadcrumb\":{\"@id\":\"https:\/\/taveracom.es\/judo\/politica-de-privacidad\/#breadcrumb\"},\"inLanguage\":\"es\",\"potentialAction\":[{\"@type\":\"ReadAction\",\"target\":[\"https:\/\/taveracom.es\/judo\/politica-de-privacidad\/\"]}]},{\"@type\":\"BreadcrumbList\",\"@id\":\"https:\/\/taveracom.es\/judo\/politica-de-privacidad\/#breadcrumb\",\"itemListElement\":[{\"@type\":\"ListItem\",\"position\":1,\"name\":\"Portada\",\"item\":\"https:\/\/taveracom.es\/judo\/\"},{\"@type\":\"ListItem\",\"position\":2,\"name\":\"POL\u00cdTICA DE PRIVACIDAD\"}]},{\"@type\":\"WebSite\",\"@id\":\"https:\/\/taveracom.es\/judo\/#website\",\"url\":\"https:\/\/taveracom.es\/judo\/\",\"name\":\"Pl\u00e1sticos Inyectados Judo\",\"description\":\"Expertos en Pl\u00e1sticos Inyectados\",\"potentialAction\":[{\"@type\":\"SearchAction\",\"target\":{\"@type\":\"EntryPoint\",\"urlTemplate\":\"https:\/\/taveracom.es\/judo\/?s={search_term_string}\"},\"query-input\":\"required name=search_term_string\"}],\"inLanguage\":\"es\"}]}<\/script>\n<!-- \/ Yoast SEO plugin. -->","yoast_head_json":{"title":"POL\u00cdTICA DE PRIVACIDAD - Pl\u00e1sticos Inyectados Judo","robots":{"index":"noindex","follow":"follow","max-snippet":"max-snippet:-1","max-image-preview":"max-image-preview:large","max-video-preview":"max-video-preview:-1"},"og_locale":"es_ES","og_type":"article","og_title":"POL\u00cdTICA DE PRIVACIDAD - Pl\u00e1sticos Inyectados Judo","og_description":"POL\u00cdTICA DE PRIVACIDAD &nbsp; Siguiendo los principios de licitud, lealtad y transparencia, ponemos a su disposici\u00f3n la presente Pol\u00edtica de Privacidad. \u00bfQui\u00e9n es el Responsable del tratamiento de sus datos? Responsable Avanza Madrid, S.L. NIF A28997088 Domicilio Social C\/ Rioja, s\/n. Pol. Ind. Tarazona. 50500 Tarazona (Zaragoza) Email rafael.perez@plasticosjudo.com Tel\u00e9fonos 976 199 100 \u00b7 609 [&hellip;]","og_url":"https:\/\/taveracom.es\/judo\/politica-de-privacidad\/","og_site_name":"Pl\u00e1sticos Inyectados Judo","article_modified_time":"2023-03-22T16:52:11+00:00","twitter_card":"summary_large_image","twitter_misc":{"Tiempo de lectura":"8 minutos"},"schema":{"@context":"https:\/\/schema.org","@graph":[{"@type":"WebPage","@id":"https:\/\/taveracom.es\/judo\/politica-de-privacidad\/","url":"https:\/\/taveracom.es\/judo\/politica-de-privacidad\/","name":"POL\u00cdTICA DE PRIVACIDAD - Pl\u00e1sticos Inyectados Judo","isPartOf":{"@id":"https:\/\/taveracom.es\/judo\/#website"},"datePublished":"2023-03-22T16:48:07+00:00","dateModified":"2023-03-22T16:52:11+00:00","breadcrumb":{"@id":"https:\/\/taveracom.es\/judo\/politica-de-privacidad\/#breadcrumb"},"inLanguage":"es","potentialAction":[{"@type":"ReadAction","target":["https:\/\/taveracom.es\/judo\/politica-de-privacidad\/"]}]},{"@type":"BreadcrumbList","@id":"https:\/\/taveracom.es\/judo\/politica-de-privacidad\/#breadcrumb","itemListElement":[{"@type":"ListItem","position":1,"name":"Portada","item":"https:\/\/taveracom.es\/judo\/"},{"@type":"ListItem","position":2,"name":"POL\u00cdTICA DE PRIVACIDAD"}]},{"@type":"WebSite","@id":"https:\/\/taveracom.es\/judo\/#website","url":"https:\/\/taveracom.es\/judo\/","name":"Pl\u00e1sticos Inyectados Judo","description":"Expertos en Pl\u00e1sticos Inyectados","potentialAction":[{"@type":"SearchAction","target":{"@type":"EntryPoint","urlTemplate":"https:\/\/taveracom.es\/judo\/?s={search_term_string}"},"query-input":"required name=search_term_string"}],"inLanguage":"es"}]}},"_links":{"self":[{"href":"https:\/\/taveracom.es\/judo\/wp-json\/wp\/v2\/pages\/191","targetHints":{"allow":["GET"]}}],"collection":[{"href":"https:\/\/taveracom.es\/judo\/wp-json\/wp\/v2\/pages"}],"about":[{"href":"https:\/\/taveracom.es\/judo\/wp-json\/wp\/v2\/types\/page"}],"author":[{"embeddable":true,"href":"https:\/\/taveracom.es\/judo\/wp-json\/wp\/v2\/users\/1"}],"replies":[{"embeddable":true,"href":"https:\/\/taveracom.es\/judo\/wp-json\/wp\/v2\/comments?post=191"}],"version-history":[{"count":4,"href":"https:\/\/taveracom.es\/judo\/wp-json\/wp\/v2\/pages\/191\/revisions"}],"predecessor-version":[{"id":199,"href":"https:\/\/taveracom.es\/judo\/wp-json\/wp\/v2\/pages\/191\/revisions\/199"}],"wp:attachment":[{"href":"https:\/\/taveracom.es\/judo\/wp-json\/wp\/v2\/media?parent=191"}],"curies":[{"name":"wp","href":"https:\/\/api.w.org\/{rel}","templated":true}]}}